{"id":4438,"date":"2026-04-13T11:56:53","date_gmt":"2026-04-13T09:56:53","guid":{"rendered":"https:\/\/demo2.egm.at\/www.thelivingcore-original.com\/transformation\/"},"modified":"2026-04-13T11:56:53","modified_gmt":"2026-04-13T09:56:53","slug":"transformation","status":"publish","type":"page","link":"https:\/\/demo2.egm.at\/www.thelivingcore-original.com\/transformation\/","title":{"rendered":"Transformation &#038; Future Identity"},"content":{"rendered":"<div class=\"page-hero-content reveal\">\n<p class=\"page-hero-label reveal\">Angebot \u00b7 Transformation<\/p>\n<h1 class=\"reveal\" id=\"page-h\">Eine zukunftsorientierte <em>Identit\u00e4t<\/em> f\u00fcr das digitale Zeitalter<\/h1>\n<p class=\"page-hero-intro reveal\">Lassen Sie sich auf die Herausforderungen und Chancen der VUCA-Welt ein, indem Sie mit Future Identity eine zukunftsorientierte Unternehmensidentit\u00e4t aufbauen.<\/p>\n<\/div>\n<div class=\"prose reveal\">\n<h2 id=\"fi-h\">Was ist Future Identity?<\/h2>\n<p><dfn>Future Identity<\/dfn> ist ein integrativer Transformationsprozess im Kontext der Digitalisierung. Er verleiht dem <a href=\"\/innovation\/\">Kern und Purpose einer Organisation<\/a> eine neue Bedeutung f\u00fcr eine digitale Welt.<\/p>\n<p>Dieser neue Purpose hat eine au\u00dferordentliche Hebelwirkung nach Innen (Organisationsdesign, Mindset und Praktiken der Mitarbeiter:innen, Raum und Technologie) und nach Au\u00dfen (Positionierung des Unternehmens, neue Services, Produkte und Business Modelle).<\/p>\n<p>Im Zuge dieses Transformationsprozesses stellen wir Fragen wie:<\/p>\n<ul>\n<li>Worin besteht Ihr Kerngesch\u00e4ft heute? Welche konkreten Ziele verfolgt Ihr Unternehmen und welche Werte schafft es?<\/li>\n<li>Wie sieht ein Gesch\u00e4ftsmodell aus, mit dem Ihr Unternehmen f\u00fcr die digitale Zukunft ger\u00fcstet ist?<\/li>\n<li>Was kann bestehen bleiben, was soll sich \u00e4ndern und was sollen in Zukunft die St\u00e4rken Ihres Unternehmens sein?<\/li>\n<li>Was bedeuten die angestrebten Ver\u00e4nderungen f\u00fcr Ihre Organisation, das Management und Ihre Mitarbeiter:innen?<\/li>\n<\/ul>\n<p>Wir verschaffen uns einen tiefen Einblick in Ihre Unternehmensstruktur und entwickeln gemeinsam eine zukunftsf\u00e4hige Positionierung. Dabei ber\u00fccksichtigen wir die bestehende Unternehmensidentit\u00e4t und kreieren zugleich neue Bedeutungsr\u00e4ume f\u00fcr die digitale Welt.<\/p>\n<div style=\"margin:2.5rem 0; text-align:center\">\n<img alt=\"Transformationsprozess: Status Quo \u00fcber Zukunftspotentiale und Nukleus &amp; Identit\u00e4t zur Future Identity\" decoding=\"async\" height=\"1200\" loading=\"lazy\" sizes=\"auto, (max-width:720px) 100vw, 720px\" src=\"https:\/\/demo2.egm.at\/www.thelivingcore-original.com\/wp-content\/uploads\/2025\/03\/TransformationDE.png\" srcset=\"https:\/\/demo2.egm.at\/www.thelivingcore-original.com\/wp-content\/uploads\/2025\/03\/TransformationDE.png 768w, https:\/\/demo2.egm.at\/www.thelivingcore-original.com\/wp-content\/uploads\/2025\/03\/TransformationDE.png 1024w, https:\/\/demo2.egm.at\/www.thelivingcore-original.com\/wp-content\/uploads\/2025\/03\/TransformationDE.png 1920w\" style=\"width:100%; max-width:720px; border-radius:12px;\" width=\"1599\"\/>\n<\/div>\n<h2>Was bringt Future Identity?<\/h2>\n<p>Durch digitale Technologien entstehen nicht nur neue Gesch\u00e4ftsmodelle und M\u00e4rkte, sondern auch v\u00f6llig neue Denkmuster und Handlungspraktiken. Unternehmen jeder Branche m\u00fcssen auf diesen Wandel reagieren, um sich langfristig auf dem Markt zu behaupten.<\/p>\n<p>Unser Future-Identity-Transformationsansatz stellt die Organisation, den Menschen mit seinen Bed\u00fcrfnissen sowie daraus resultierende Potentiale in den Mittelpunkt. Die Kunst besteht darin, nicht blo\u00df auf Ver\u00e4nderungen zu reagieren, sondern das Unternehmensumfeld proaktiv und zukunftsf\u00e4hig zu gestalten.<\/p>\n<\/div>\n<div class=\"sec-inner reveal\">\n<p class=\"sec-label reveal\">Der Prozess<\/p>\n<h2 class=\"sec-title reveal\" id=\"fi-process-h\">Zwei Wege der <em>Transformation<\/em><\/h2>\n<div class=\"steps\">\n<div class=\"step reveal\">\n<span aria-hidden=\"true\" class=\"step-num\">A<\/span><\/p>\n<h3>Positionierung (3 Monate)<\/h3>\n<p>Analyse von Herkunft und Status Quo. Unbewusstes wird bewusst gemacht. Ver\u00e4nderungen werden antizipiert, Potenziale identifiziert, Ziele definiert. Ausarbeitung einer zukunftsorientierten Strategie.<\/p>\n<\/div>\n<div class=\"step reveal\">\n<span aria-hidden=\"true\" class=\"step-num\">B<\/span><\/p>\n<h3>Transformation (1\u20133 Jahre)<\/h3>\n<p>Aufbauend auf der Positionierung: Planung des Transformationsprozesses und einer unterst\u00fctzenden Governance. Wir begleiten Ihr Unternehmen durch den gesamten Prozess der Neupositionierung.<\/p>\n<\/div>\n<\/div>\n<\/div>\n<div class=\"sec-inner reveal\">\n<p class=\"sec-label reveal\">Case Study<\/p>\n<h2 class=\"sec-title reveal\" id=\"fi-case-h\">Medizinische Universit\u00e4t <em>Graz<\/em><\/h2>\n<p class=\"sec-intro reveal\">Wie schafft man eine einzigartige Identit\u00e4t inmitten akademischer Konformit\u00e4t? Gemeinsam mit der Med Uni Graz haben wir eine strategische Neupositionierung entwickelt, die Forschung, Lehre und Organisation in eine gemeinsame Zukunftsvision \u00fcberf\u00fchrt.<\/p>\n<div class=\"reveal\" style=\"margin-top:1.5rem\">\n<img alt=\"Med Uni Graz \u2014 Profilbildung\" decoding=\"async\" height=\"1500\" loading=\"lazy\" sizes=\"auto, (max-width:720px) 100vw, 720px\" src=\"projekt-mug.jpg\" srcset=\"projekt-mug-768x512.jpg 768w, projekt-mug-1024x683.jpg 1024w, projekt-mug.jpg 1920w\" style=\"width:100%; max-width:720px; border-radius:12px;\" width=\"2000\"\/>\n<\/div>\n<div style=\"margin-top:1.5rem\"><a class=\"btn btn-outline reveal\" href=\"\/projekte\/profilbildungsprozess-der-medizinischen-universitaet-graz-wie-schafft-man-eine-einzigartige-identitaet-inmitten-akademischer-konformitaet\/\">Zum Projekt<\/a><\/div>\n<\/div>\n<p><heading>Bereit f\u00fcr Ihre Zukunft?<\/heading><\/p>\n<p>Lassen Sie uns gemeinsam Ihre gew\u00fcnschte Zukunft gestalten.<\/p>\n<div class=\"cta-btns\">\n<a class=\"btn btn-white\" href=\"mailto:welcome@thelivingcore.com\">Gespr\u00e4ch vereinbaren<\/a><br \/>\n<a class=\"btn btn-ghost-w\" href=\"https:\/\/calendly.com\/thelivingcore\/introduction\" rel=\"noopener\" target=\"_blank\">Termin buchen<\/a>\n<\/div>\n","protected":false},"excerpt":{"rendered":"<p>Angebot \u00b7 Transformation Eine zukunftsorientierte Identit\u00e4t f\u00fcr das digitale Zeitalter Lassen Sie sich auf die Herausforderungen und Chancen der VUCA-Welt ein, indem Sie mit Future Identity eine zukunftsorientierte Unternehmensidentit\u00e4t aufbauen. Was ist Future Identity? Future Identity ist ein integrativer Transformationsprozess im Kontext der Digitalisierung. Er verleiht dem Kern und Purpose einer Organisation eine neue Bedeutung &#8230; <a title=\"Transformation &#038; Future Identity\" class=\"read-more\" href=\"https:\/\/demo2.egm.at\/www.thelivingcore-original.com\/transformation\/\" aria-label=\"Mehr Informationen \u00fcber Transformation &#038; Future Identity\">Weiterlesen<\/a><\/p>\n","protected":false},"author":53,"featured_media":0,"parent":0,"menu_order":0,"comment_status":"closed","ping_status":"closed","template":"","meta":{"_acf_changed":false,"footnotes":""},"class_list":["post-4438","page","type-page","status-publish"],"acf":[],"_links":{"self":[{"href":"https:\/\/demo2.egm.at\/www.thelivingcore-original.com\/wp-json\/wp\/v2\/pages\/4438","targetHints":{"allow":["GET"]}}],"collection":[{"href":"https:\/\/demo2.egm.at\/www.thelivingcore-original.com\/wp-json\/wp\/v2\/pages"}],"about":[{"href":"https:\/\/demo2.egm.at\/www.thelivingcore-original.com\/wp-json\/wp\/v2\/types\/page"}],"author":[{"embeddable":true,"href":"https:\/\/demo2.egm.at\/www.thelivingcore-original.com\/wp-json\/wp\/v2\/users\/53"}],"replies":[{"embeddable":true,"href":"https:\/\/demo2.egm.at\/www.thelivingcore-original.com\/wp-json\/wp\/v2\/comments?post=4438"}],"version-history":[{"count":0,"href":"https:\/\/demo2.egm.at\/www.thelivingcore-original.com\/wp-json\/wp\/v2\/pages\/4438\/revisions"}],"wp:attachment":[{"href":"https:\/\/demo2.egm.at\/www.thelivingcore-original.com\/wp-json\/wp\/v2\/media?parent=4438"}],"curies":[{"name":"wp","href":"https:\/\/api.w.org\/{rel}","templated":true}]}}