{"id":4433,"date":"2026-04-13T11:56:53","date_gmt":"2026-04-13T09:56:53","guid":{"rendered":"https:\/\/demo2.egm.at\/www.thelivingcore-original.com\/innovation\/"},"modified":"2026-04-13T11:56:53","modified_gmt":"2026-04-13T09:56:53","slug":"innovation","status":"publish","type":"page","link":"https:\/\/demo2.egm.at\/www.thelivingcore-original.com\/innovation\/","title":{"rendered":"Innovation &#038; leap\u2122 Technologie"},"content":{"rendered":"<div class=\"page-hero-content reveal\">\n<p class=\"page-hero-label reveal\">Angebot \u00b7 Innovation<\/p>\n<h1 class=\"reveal\" id=\"page-h\">Mit <em>leap\u2122<\/em> Neues von der Zukunft her entstehen lassen<\/h1>\n<p class=\"page-hero-intro reveal\">Unser strategischer Innovationsprozess bef\u00e4higt Organisationen, aus der Zukunft zu lernen und systematisch radikale Innovationen hervorzubringen.<\/p>\n<\/div>\n<div class=\"prose reveal\">\n<h2 id=\"leap-h\">Was ist leap\u2122?<\/h2>\n<p><dfn>leap\u2122<\/dfn> ist ein erprobter, strategischer Innovationsprozess, der Organisationen bef\u00e4higt, \u201eaus der Zukunft zu lernen&#8220; und so systematisch radikale Innovationen hervorzubringen. Daf\u00fcr begleiten und schulen wir ein sorgf\u00e4ltig ausgew\u00e4hltes Innovationsteam \u00fcber einen Zeitraum von 3\u20136 Monaten in mehreren Workshops und pers\u00f6nlichen Innovationscoachings.<\/p>\n<p>Die Teilnehmer:innen werden au\u00dferdem bef\u00e4higt, diesen Innovationsansatz autonom innerhalb der Organisation anzuwenden. Innovationen reichen von neuen Produkten und Dienstleistungen \u00fcber Gesch\u00e4ftsmodelle bis hin zu organisationalen Ver\u00e4nderungen.<\/p>\n<div style=\"margin:2.5rem 0; text-align:center\">\n<img alt=\"leap\u2122 Innovationsprozess\" decoding=\"async\" height=\"1500\" loading=\"lazy\" sizes=\"auto, (max-width:720px) 100vw, 720px\" src=\"innovation_de.jpg\" srcset=\"innovation_de-768x512.jpg 768w, innovation_de-1024x683.jpg 1024w, innovation_de.jpg 1920w\" style=\"width:100%; max-width:720px; border-radius:12px;\" width=\"2000\"\/>\n<\/div>\n<h2>Warum leap\u2122?<\/h2>\n<p>Radikale Innovationen entstehen nicht in Routineprozessen. Sie erfordern einen Raum f\u00fcr strategische Auszeiten, in denen sich neue Perspektiven er\u00f6ffnen und gro\u00dfe Ideen entstehen k\u00f6nnen. F\u00fchrungskr\u00e4fte rund um den Globus erkennen, dass klassische Konzepte wie lineare Strategieentwicklung an ihre Grenzen sto\u00dfen.<\/p>\n<p>Mit leap\u2122 sind radikale Innovationen nicht l\u00e4nger Gl\u00fcckssache. leap\u2122 ist ein strategisches Werkzeug, das Ihre bestehenden Unternehmensprozesse erg\u00e4nzt, anstatt sie zu ersetzen. Wir empfehlen, den leap-Prozess alle 3\u20135 Jahre durchzuf\u00fchren.<\/p>\n<\/div>\n<div class=\"sec-inner reveal\">\n<p class=\"sec-label reveal\">Varianten<\/p>\n<h2 class=\"sec-title reveal\" id=\"variants-h\">Drei Wege zur <em>Innovation<\/em><\/h2>\n<div class=\"cards-grid\">\n<div class=\"card reveal\">\n<span class=\"card-tag\">leap start<\/span><\/p>\n<h3>Sensing Potentials<\/h3>\n<p>In 10 Wochen entwickeln Sie ein tiefes Verst\u00e4ndnis f\u00fcr Ihre Kund:innen und erkunden gemeinsam Zukunftspotentiale \u2014 durch die Arbeit an mentalen Modellen und zukunftsrelevanten Themen.<\/p>\n<\/div>\n<div class=\"card reveal\">\n<span class=\"card-tag\">leap product<\/span><\/p>\n<h3>Analog Products, Digitally Enhanced<\/h3>\n<p>In 12 Wochen entdecken Sie das digitale Potenzial Ihrer physischen Produkte, priorisieren die relevantesten Use Cases und entwickeln ein tragf\u00e4higes Gesch\u00e4ftsmodell mit klaren Umsatzstr\u00f6men.<\/p>\n<\/div>\n<div class=\"card reveal\">\n<span class=\"card-tag\">leap complete<\/span><\/p>\n<h3>Transforming Mindsets<\/h3>\n<p>Das umfassende Format: In 4\u20136 Monaten und 7 Workshops lernt Ihr Team, Potentiale aus der Zukunft heraus zu identifizieren, entwickelt Prototypen und wird nachhaltig bef\u00e4higt, den Innovationsansatz eigenst\u00e4ndig weiterzuf\u00fchren.<\/p>\n<\/div>\n<\/div>\n<\/div>\n<div class=\"sec-inner reveal\">\n<p class=\"sec-label reveal\">Case Study<\/p>\n<h2 class=\"sec-title reveal\" id=\"inno-case-h\">Bene \u2014 New World of <em>Work<\/em><\/h2>\n<p class=\"sec-intro reveal\">Produktentwicklung f\u00fcr die neue Arbeitswelt \u2014 innovative B\u00fcrol\u00f6sungen und Raumkonzepte f\u00fcr Bene.<\/p>\n<div class=\"reveal\" style=\"margin-top:1.5rem\">\n<img alt=\"Bene \u2014 New World of Work\" decoding=\"async\" height=\"1500\" loading=\"lazy\" sizes=\"auto, (max-width:720px) 100vw, 720px\" src=\"projekt-bene.jpg\" srcset=\"projekt-bene-768x512.jpg 768w, projekt-bene-1024x683.jpg 1024w, projekt-bene.jpg 1920w\" style=\"width:100%; max-width:720px; border-radius:12px;\" width=\"2000\"\/>\n<\/div>\n<div style=\"margin-top:1.5rem\"><a class=\"btn btn-outline reveal\" href=\"\/projekte\/bene-new-world-of-work-produktentwicklung\/\">Zum Projekt<\/a><\/div>\n<\/div>\n<p><heading>Bereit f\u00fcr Ihre Zukunft?<\/heading><\/p>\n<p>Lassen Sie uns gemeinsam Ihre gew\u00fcnschte Zukunft gestalten.<\/p>\n<div class=\"cta-btns\">\n<a class=\"btn btn-white\" href=\"mailto:welcome@thelivingcore.com\">Gespr\u00e4ch vereinbaren<\/a><br \/>\n<a class=\"btn btn-ghost-w\" href=\"https:\/\/calendly.com\/thelivingcore\/introduction\" rel=\"noopener\" target=\"_blank\">Termin buchen<\/a>\n<\/div>\n","protected":false},"excerpt":{"rendered":"<p>Angebot \u00b7 Innovation Mit leap\u2122 Neues von der Zukunft her entstehen lassen Unser strategischer Innovationsprozess bef\u00e4higt Organisationen, aus der Zukunft zu lernen und systematisch radikale Innovationen hervorzubringen. Was ist leap\u2122? leap\u2122 ist ein erprobter, strategischer Innovationsprozess, der Organisationen bef\u00e4higt, \u201eaus der Zukunft zu lernen&#8220; und so systematisch radikale Innovationen hervorzubringen. Daf\u00fcr begleiten und schulen wir &#8230; <a title=\"Innovation &#038; leap\u2122 Technologie\" class=\"read-more\" href=\"https:\/\/demo2.egm.at\/www.thelivingcore-original.com\/innovation\/\" aria-label=\"Mehr Informationen \u00fcber Innovation &#038; leap\u2122 Technologie\">Weiterlesen<\/a><\/p>\n","protected":false},"author":53,"featured_media":0,"parent":0,"menu_order":0,"comment_status":"closed","ping_status":"closed","template":"","meta":{"_acf_changed":false,"footnotes":""},"class_list":["post-4433","page","type-page","status-publish"],"acf":[],"_links":{"self":[{"href":"https:\/\/demo2.egm.at\/www.thelivingcore-original.com\/wp-json\/wp\/v2\/pages\/4433","targetHints":{"allow":["GET"]}}],"collection":[{"href":"https:\/\/demo2.egm.at\/www.thelivingcore-original.com\/wp-json\/wp\/v2\/pages"}],"about":[{"href":"https:\/\/demo2.egm.at\/www.thelivingcore-original.com\/wp-json\/wp\/v2\/types\/page"}],"author":[{"embeddable":true,"href":"https:\/\/demo2.egm.at\/www.thelivingcore-original.com\/wp-json\/wp\/v2\/users\/53"}],"replies":[{"embeddable":true,"href":"https:\/\/demo2.egm.at\/www.thelivingcore-original.com\/wp-json\/wp\/v2\/comments?post=4433"}],"version-history":[{"count":0,"href":"https:\/\/demo2.egm.at\/www.thelivingcore-original.com\/wp-json\/wp\/v2\/pages\/4433\/revisions"}],"wp:attachment":[{"href":"https:\/\/demo2.egm.at\/www.thelivingcore-original.com\/wp-json\/wp\/v2\/media?parent=4433"}],"curies":[{"name":"wp","href":"https:\/\/api.w.org\/{rel}","templated":true}]}}