{"id":4432,"date":"2026-04-13T11:56:53","date_gmt":"2026-04-13T09:56:53","guid":{"rendered":"https:\/\/demo2.egm.at\/www.thelivingcore-original.com\/impressum\/"},"modified":"2026-04-13T11:56:53","modified_gmt":"2026-04-13T09:56:53","slug":"impressum","status":"publish","type":"page","link":"https:\/\/demo2.egm.at\/www.thelivingcore-original.com\/impressum\/","title":{"rendered":"Impressum"},"content":{"rendered":"<div class=\"prose reveal\">\n<h2>Herausgeber<\/h2>\n<p><strong>theLivingCore GmbH<\/strong><br \/>Lange Gasse 29\/14<br \/>1080 Wien<br \/>\u00d6sterreich<\/p>\n<p><strong>Unternehmensform:<\/strong> Wissens- und Innovationsarchitekten<\/p>\n<p><strong>Gesch\u00e4ftsf\u00fchrer:<\/strong> Thomas Fundneider<\/p>\n<p><strong>Firmenbuchnummer:<\/strong> FN 374710w Handelsgericht Wien<\/p>\n<p><strong>UID-Nummer:<\/strong> ATU66993006<\/p>\n<p><strong>Bankverbindung:<\/strong><br \/>BAWAG, Bankleitzahl: 14000, Kontonummer: 4010928104<br \/>IBAN: AT401400004010928104, BIC: BAWAATWW<\/p>\n<p><strong>Fachverband:<\/strong> Unternehmensberatung einschlie\u00dflich der Unternehmensorganisation<\/p>\n<p><strong>Wirtschaftskammer:<\/strong> Wirtschaftskammer Wien<\/p>\n<h2>Nutzung<\/h2>\n<p>Text und Bilder sind \u2013 sofern nicht anders ausgewiesen \u2013 geistiges Eigentum von theLivingCore GmbH.<\/p>\n<h2>Haftungsausschluss<\/h2>\n<p>Der Betreiber dieser Internetseiten \u00fcbernimmt keinerlei Gew\u00e4hr f\u00fcr die Aktualit\u00e4t, Korrektheit, Vollst\u00e4ndigkeit oder Qualit\u00e4t der bereitgestellten Informationen oder Funktionalit\u00e4t der bereitgestellten Dienste. Haftungsanspr\u00fcche gegen den Betreiber, die sich auf Sch\u00e4den materieller oder ideeller Art beziehen, sind grunds\u00e4tzlich ausgeschlossen. Der Betreiber beh\u00e4lt es sich ausdr\u00fccklich vor, Teile oder das gesamte Angebot ohne gesonderte Ank\u00fcndigung zu ver\u00e4ndern, zu erg\u00e4nzen, zu l\u00f6schen oder die Ver\u00f6ffentlichung zeitweise oder endg\u00fcltig einzustellen.<\/p>\n<h2>Allgemeine Gesch\u00e4ftsbedingungen<\/h2>\n<p>Es gelten die allgemeinen Gesch\u00e4ftsbedingungen der Unternehmensberater der Wirtschaftskammer \u00d6sterreich.<\/p>\n<h2>\u00a9 Copyright<\/h2>\n<p>2026, theLivingCore GmbH<\/p>\n<\/div>\n<div class=\"prose reveal\">\n<h2>Verantwortungsbewusster Einsatz von k\u00fcnstlicher Intelligenz bei theLivingCore \u2013 KI-RICHTLINIE<\/h2>\n<h3>1. Datenschutz und Vertraulichkeit<\/h3>\n<p>Wir stellen sicher, dass s\u00e4mtliche KI-Anwendungen die geltenden Datenschutzbestimmungen (insbesondere DSGVO) einhalten. Vertrauliche Informationen \u00fcber Kund:innen und Kundenprojekte werden grunds\u00e4tzlich nicht in KI-Anwendungen eingegeben oder verarbeitet. Ebenso werden keine Informationen zur Verf\u00fcgung gestellt, die zur Weiterverwendung oder zum Training von KI-Modellen beitragen k\u00f6nnten (z. B. bei \u00f6ffentlich zug\u00e4nglichen KI-Diensten).<\/p>\n<h3>2. Menschliche Kontrolle und Qualit\u00e4tssicherung<\/h3>\n<p>KI-gest\u00fctzte Systeme kommen bei uns ausschlie\u00dflich zur Unterst\u00fctzung menschlicher Expertise zum Einsatz. Inhalte, Analysen oder Vorschl\u00e4ge, die durch KI generiert wurden, werden erst nach sorgf\u00e4ltiger Pr\u00fcfung durch qualifizierte Fachpersonen \u00fcbernommen. Diese Pr\u00fcfung umfasst Aspekte wie Richtigkeit, Kontext-Angemessenheit, ethische Implikationen und Faktentreue.<\/p>\n<h3>3. Transparenz und Nichtdiskriminierung<\/h3>\n<p>Wir legen offen, ob und wie KI in einem Kundenprojekt zum Einsatz kommt \u2013 insbesondere bei der Generierung von Texten, Ideen oder visuellen Inhalten. Wir achten darauf, dass KI-generierte Inhalte diskriminierungsfrei, inklusiv und respektvoll sind. Potenzielle Verzerrungen (Bias) werden regelm\u00e4\u00dfig \u00fcberpr\u00fcft.<\/p>\n<h3>4. Fortbildung und Kompetenzaufbau<\/h3>\n<p>Unsere Mitarbeitenden verf\u00fcgen \u00fcber vertiefte Kompetenzen im Bereich KI und verpflichten sich zur laufenden Weiterbildung, um neue Entwicklungen, Chancen und Risiken kompetent bewerten zu k\u00f6nnen. Besonderes Augenmerk liegt auf dem verantwortungsvollen und reflektierten Umgang mit generativer KI im kreativen und strategischen Kontext.<\/p>\n<h3>5. Wahlfreiheit der Auftraggeber:innen (Opt-Out)<\/h3>\n<p>Auf Wunsch verzichten wir vollst\u00e4ndig oder in definierten Teilbereichen auf den Einsatz KI-gest\u00fctzter Arbeitsschritte. Dies wird projektbezogen, transparent dokumentiert und eingehalten.<\/p>\n<h3>6. Risikobewusstsein und Weiterentwicklung<\/h3>\n<p>Wir erkennen an, dass der Einsatz von KI \u2013 insbesondere generativer KI \u2013 mit Risiken verbunden sein kann. Daher evaluieren wir regelm\u00e4\u00dfig unsere internen Prozesse und passen unsere KI-Richtlinie bei Bedarf an neue technologische oder regulatorische Entwicklungen an.<\/p>\n<p style=\"margin-top: 2rem\"><a download=\"\" href=\"KI-Richtlinie-theLivingCore.pdf\" style=\"display:inline-flex; align-items:center; gap:.5rem; padding:.65rem 1.25rem; border:1.5px solid var(--cream); border-radius:48px; font-size:.88rem; font-weight:500; transition:border-color .2s, background .2s;\"><svg fill=\"none\" height=\"16\" stroke=\"currentColor\" stroke-linecap=\"round\" stroke-linejoin=\"round\" stroke-width=\"2\" viewbox=\"0 0 24 24\" width=\"16\" xmlns=\"http:\/\/www.w3.org\/2000\/svg\"><path d=\"M21 15v4a2 2 0 0 1-2 2H5a2 2 0 0 1-2-2v-4\"><\/path><polyline points=\"7 10 12 15 17 10\"><\/polyline><line x1=\"12\" x2=\"12\" y1=\"15\" y2=\"3\"><\/line><\/svg>Download KI-Richtlinie (PDF)<\/a><\/p>\n<\/div>\n","protected":false},"excerpt":{"rendered":"<p>Herausgeber theLivingCore GmbHLange Gasse 29\/141080 Wien\u00d6sterreich Unternehmensform: Wissens- und Innovationsarchitekten Gesch\u00e4ftsf\u00fchrer: Thomas Fundneider Firmenbuchnummer: FN 374710w Handelsgericht Wien UID-Nummer: ATU66993006 Bankverbindung:BAWAG, Bankleitzahl: 14000, Kontonummer: 4010928104IBAN: AT401400004010928104, BIC: BAWAATWW Fachverband: Unternehmensberatung einschlie\u00dflich der Unternehmensorganisation Wirtschaftskammer: Wirtschaftskammer Wien Nutzung Text und Bilder sind \u2013 sofern nicht anders ausgewiesen \u2013 geistiges Eigentum von theLivingCore GmbH. Haftungsausschluss Der Betreiber &#8230; <a title=\"Impressum\" class=\"read-more\" href=\"https:\/\/demo2.egm.at\/www.thelivingcore-original.com\/impressum\/\" aria-label=\"Mehr Informationen \u00fcber Impressum\">Weiterlesen<\/a><\/p>\n","protected":false},"author":53,"featured_media":0,"parent":0,"menu_order":0,"comment_status":"closed","ping_status":"closed","template":"","meta":{"_acf_changed":false,"footnotes":""},"class_list":["post-4432","page","type-page","status-publish"],"acf":[],"_links":{"self":[{"href":"https:\/\/demo2.egm.at\/www.thelivingcore-original.com\/wp-json\/wp\/v2\/pages\/4432","targetHints":{"allow":["GET"]}}],"collection":[{"href":"https:\/\/demo2.egm.at\/www.thelivingcore-original.com\/wp-json\/wp\/v2\/pages"}],"about":[{"href":"https:\/\/demo2.egm.at\/www.thelivingcore-original.com\/wp-json\/wp\/v2\/types\/page"}],"author":[{"embeddable":true,"href":"https:\/\/demo2.egm.at\/www.thelivingcore-original.com\/wp-json\/wp\/v2\/users\/53"}],"replies":[{"embeddable":true,"href":"https:\/\/demo2.egm.at\/www.thelivingcore-original.com\/wp-json\/wp\/v2\/comments?post=4432"}],"version-history":[{"count":0,"href":"https:\/\/demo2.egm.at\/www.thelivingcore-original.com\/wp-json\/wp\/v2\/pages\/4432\/revisions"}],"wp:attachment":[{"href":"https:\/\/demo2.egm.at\/www.thelivingcore-original.com\/wp-json\/wp\/v2\/media?parent=4432"}],"curies":[{"name":"wp","href":"https:\/\/api.w.org\/{rel}","templated":true}]}}