{"id":4430,"date":"2026-04-13T11:56:53","date_gmt":"2026-04-13T09:56:53","guid":{"rendered":"https:\/\/demo2.egm.at\/www.thelivingcore-original.com\/cookies\/"},"modified":"2026-04-13T11:56:53","modified_gmt":"2026-04-13T09:56:53","slug":"cookies","status":"publish","type":"page","link":"https:\/\/demo2.egm.at\/www.thelivingcore-original.com\/cookies\/","title":{"rendered":"Cookie-Richtlinie"},"content":{"rendered":"<div class=\"prose reveal\">\n<p><em>Diese Cookie-Richtlinie wurde zuletzt am 18. August 2025 aktualisiert und gilt f\u00fcr B\u00fcrger und Einwohner mit st\u00e4ndigem Wohnsitz im Europ\u00e4ischen Wirtschaftsraum und der Schweiz.<\/em><\/p>\n<h2>1. Einf\u00fchrung<\/h2>\n<p>Unsere Website, https:\/\/www.thelivingcore.com (im folgenden: \u201eDie Website\u201c) verwendet Cookies und \u00e4hnliche Technologien (der Einfachheit halber werden all diese unter \u201eCookies\u201c zusammengefasst). Cookies werden au\u00dferdem von uns beauftragten Drittparteien platziert. In dem unten stehendem Dokument informieren wir Sie \u00fcber die Verwendung von Cookies auf unserer Website.<\/p>\n<h2>2. Was sind Cookies?<\/h2>\n<p>Ein Cookie ist eine einfache kleine Datei, die gemeinsam mit den Seiten einer Internetadresse versendet und vom Webbrowser auf dem PC oder einem anderen Ger\u00e4t gespeichert werden kann. Die darin gespeicherten Informationen k\u00f6nnen w\u00e4hrend folgender Besuche zu unseren oder den Servern relevanter Drittanbieter gesendet werden.<\/p>\n<h2>3. Was sind Skripte?<\/h2>\n<p>Ein Script ist ein St\u00fcck Programmcode, das benutzt wird, um unserer Website Funktionalit\u00e4t und Interaktivit\u00e4t zu erm\u00f6glichen. Dieser Code wird auf unseren Servern oder auf Ihrem Ger\u00e4t ausgef\u00fchrt.<\/p>\n<h2>4. Was ist ein Web Beacon?<\/h2>\n<p>Ein Web-Beacon (auch Pixel-Tag genannt), ist ein kleines unsichtbares Textfragment oder Bild auf einer Website, das benutzt wird, um den Verkehr auf der Website zu \u00fcberwachen. Um dies zu erm\u00f6glichen werden diverse Daten von Ihnen mittels Web-Beacons gespeichert.<\/p>\n<h2>5. Cookies<\/h2>\n<h3>5.1 Technische oder funktionelle Cookies<\/h3>\n<p>Einige Cookies stellen sicher, dass bestimmte Teile der Website ordnungsgem\u00e4\u00df funktionieren und Ihre Benutzereinstellungen weiterhin in Erinnerung bleiben. Durch das Setzen funktionaler Cookies erleichtern wir Ihnen den Besuch unserer Website. Auf diese Weise m\u00fcssen Sie beim Besuch unserer Website nicht wiederholt dieselben Informationen eingeben, so bleiben Artikel beispielsweise in Ihrem Warenkorb, bis Sie bezahlen. Wir k\u00f6nnen diese Cookies ohne Ihre Einwilligung platzieren.<\/p>\n<h3>5.2 Marketing- \/ Tracking-Cookies<\/h3>\n<p>Marketing- \/ Tracking-Cookies sind Cookies oder eine andere Form der lokalen Speicherung, die zur Erstellung von Benutzerprofilen verwendet werden, um Werbung anzuzeigen oder den Benutzer auf dieser Website oder \u00fcber mehrere Websites hinweg f\u00fcr \u00e4hnliche Marketingzwecke zu verfolgen.<\/p>\n<h2>6. Platzierte Cookies<\/h2>\n<h3>WPML<\/h3>\n<p><strong>Verwendung:<\/strong> Verwaltung der Gebietsschemen.<br \/>\n<strong>Weitergabe von Daten:<\/strong> Diese Daten werden nicht an Dritte weitergegeben.<\/p>\n<ul>\n<li><strong>_icl_visitor_lang_js<\/strong> \u2013 Funktional<\/li>\n<li><strong>wpml_browser_redirect_test<\/strong> \u2013 Sitzung \u2013 \u00fcberpr\u00fcft, ob Cookies gesetzt werden k\u00f6nnen<\/li>\n<li><strong>wp-wpml_current_language<\/strong> \u2013 1 Tag \u2013 Speichere Spracheinstellungen<\/li>\n<\/ul>\n<h3>WordPress<\/h3>\n<p><strong>Verwendung:<\/strong> Website-Entwicklung.<br \/>\n<strong>Weitergabe von Daten:<\/strong> Diese Daten werden nicht an Dritte weitergegeben.<\/p>\n<ul>\n<li><strong>wpEmojiSettingsSupports<\/strong> \u2013 Sitzung \u2013 Speichere Browser-Angaben<\/li>\n<li><strong>wordpress_test_cookie<\/strong> \u2013 Sitzung \u2013 \u00fcberpr\u00fcft, ob Cookies gesetzt werden k\u00f6nnen<\/li>\n<li><strong>wp-settings-time-*<\/strong> \u2013 1 Jahr \u2013 Speicher die Benutzervorlieben<\/li>\n<\/ul>\n<h3>Complianz<\/h3>\n<p><strong>Verwendung:<\/strong> Verwaltung der Cookie-Einwilligung.<br \/>\n<strong>Weitergabe von Daten:<\/strong> Diese Daten werden nicht an Dritte weitergegeben.<\/p>\n<ul>\n<li><strong>cmplz_consented_services<\/strong> \u2013 365 Tage \u2013 Speichere Cookie-Einwilligungsvorgaben<\/li>\n<li><strong>cmplz_functional<\/strong> \u2013 365 Tage \u2013 Speichere Cookie-Einwilligungsvorgaben<\/li>\n<li><strong>cmplz_policy_id<\/strong> \u2013 365 Tage \u2013 Erfasse die ID f\u00fcr die angenommene Cookie-Richtlinie<\/li>\n<li><strong>cmplz_marketing<\/strong> \u2013 365 Tage \u2013 Speichere Cookie-Einwilligungsvorgaben<\/li>\n<li><strong>cmplz_statistics<\/strong> \u2013 365 Tage \u2013 Speichere Cookie-Einwilligungsvorgaben<\/li>\n<li><strong>cmplz_preferences<\/strong> \u2013 365 Tage \u2013 Speichere Cookie-Einwilligungsvorgaben<\/li>\n<li><strong>cmplz_banner-status<\/strong> \u2013 365 Tage \u2013 Speichere, ob das Cookie-Banner geschlossen wurde<\/li>\n<\/ul>\n<h3>Calendly<\/h3>\n<p><strong>Verwendung:<\/strong> Inhaltserstellung.<br \/>\n<strong>Weitergabe von Daten:<\/strong> Siehe <a href=\"https:\/\/calendly.com\/privacy\" rel=\"noopener\" target=\"_blank\">Calendly Datenschutzerkl\u00e4rung<\/a>.<\/p>\n<ul>\n<li><strong>_calendly_session<\/strong> \u2013 Sitzung \u2013 Speicher die Benutzervorlieben<\/li>\n<\/ul>\n<h3>Vimeo<\/h3>\n<p><strong>Verwendung:<\/strong> Video-Display.<br \/>\n<strong>Weitergabe von Daten:<\/strong> Siehe <a href=\"https:\/\/vimeo.com\/privacy\" rel=\"noopener\" target=\"_blank\">Vimeo Datenschutzerkl\u00e4rung<\/a>.<\/p>\n<ul>\n<li><strong>__utmt_player<\/strong> \u2013 10 Minuten \u2013 Verfolge die Besucherreichweite (Statistik)<\/li>\n<li><strong>vuid<\/strong> \u2013 2 Jahre \u2013 Die Nutzungshistorie des Nutzers speichern (Statistik)<\/li>\n<\/ul>\n<h2>7. Einwilligung<\/h2>\n<p>Wenn Sie unsere Website das erste Mal besuchen, zeigen wir Ihnen ein Pop-Up mit einer Erkl\u00e4rung \u00fcber Cookies. Sobald Sie auf \u201eEinstellungen speichern\u201c klicken, geben Sie uns Ihre Einwilligung, alle von Ihnen gew\u00e4hlten Kategorien von Cookies und Plugins wie in dieser Cookie-Erkl\u00e4rung beschrieben zu verwenden. Sie k\u00f6nnen die Verwendung von Cookies \u00fcber Ihren Browser deaktivieren, aber bitte beachten Sie, dass unsere Website dann unter Umst\u00e4nden nicht richtig funktioniert.<\/p>\n<h3>7.1 Verwalten Sie Ihre Einwilligungseinstellungen<\/h3>\n<ul>\n<li><strong>Funktional<\/strong> \u2013 Immer aktiv. Die technische Speicherung oder der Zugang ist unbedingt erforderlich f\u00fcr den rechtm\u00e4\u00dfigen Zweck, die Nutzung eines bestimmten Dienstes zu erm\u00f6glichen, der vom Teilnehmer oder Nutzer ausdr\u00fccklich gew\u00fcnscht wird, oder f\u00fcr den alleinigen Zweck, die \u00dcbertragung einer Nachricht \u00fcber ein elektronisches Kommunikationsnetz durchzuf\u00fchren.<\/li>\n<li><strong>Vorlieben<\/strong> \u2013 Die technische Speicherung oder der Zugriff ist f\u00fcr den rechtm\u00e4\u00dfigen Zweck der Speicherung von Pr\u00e4ferenzen erforderlich, die nicht vom Abonnenten oder Benutzer angefordert wurden.<\/li>\n<li><strong>Statistiken<\/strong> \u2013 Die technische Speicherung oder der Zugriff, der ausschlie\u00dflich zu statistischen Zwecken erfolgt.<\/li>\n<li><strong>Marketing<\/strong> \u2013 Die technische Speicherung oder der Zugriff ist erforderlich, um Nutzerprofile zu erstellen, um Werbung zu versenden oder um den Nutzer auf einer Website oder \u00fcber mehrere Websites hinweg zu \u00e4hnlichen Marketingzwecken zu verfolgen.<\/li>\n<\/ul>\n<h2>8. Aktivierung\/Deaktivierung und L\u00f6schen von Cookies<\/h2>\n<p>Sie k\u00f6nnen Ihren Internetbrowser verwenden, um automatisch oder manuell Cookies zu l\u00f6schen. Sie k\u00f6nnen au\u00dferdem spezifizieren, ob spezielle Cookies nicht platziert werden sollen. Eine andere M\u00f6glichkeit ist es, Ihren Internetbrowser derart einzurichten, dass Sie jedes Mal benachrichtigt werden, wenn ein Cookie platziert wird. F\u00fcr weitere Information \u00fcber diese M\u00f6glichkeiten beachten Sie die Anweisungen in der Hilfesektion Ihres Browsers.<\/p>\n<p>Bitte nehmen Sie zur Kenntnis, dass unsere Website m\u00f6glicherweise nicht richtig funktioniert, wenn alle Cookies deaktiviert sind. Wenn Sie die Cookies in Ihrem Browser l\u00f6schen, werden diese neu platziert, wenn Sie unsere Website erneut besuchen.<\/p>\n<h2>9. Ihre Rechte in Bezug auf personenbezogene Daten<\/h2>\n<p>Sie haben folgende Rechte in Bezug auf Ihre personenbezogenen Daten:<\/p>\n<ul>\n<li>Sie haben das Recht zu erfahren, warum Ihre personenbezogenen Daten ben\u00f6tigt werden, was damit passiert und wie lange sie aufbewahrt werden.<\/li>\n<li><strong>Auskunftsrecht:<\/strong> Sie haben das Recht, Ihre uns bekannten pers\u00f6nlichen Daten einzusehen.<\/li>\n<li><strong>Recht auf Berichtigung:<\/strong> Sie haben das Recht, wann immer Sie w\u00fcnschen, Ihre personenbezogenen Daten zu erg\u00e4nzen, zu korrigieren sowie gel\u00f6scht oder blockiert zu bekommen.<\/li>\n<li>Wenn Sie uns Ihre Einwilligung zur Verarbeitung Ihrer Daten erteilen, haben Sie das Recht, diese Einwilligung zu widerrufen und Ihre personenbezogenen Daten l\u00f6schen zu lassen.<\/li>\n<li><strong>Recht auf Daten\u00fcbertragbarkeit:<\/strong> Sie haben das Recht, alle Ihre personenbezogenen Daten von dem f\u00fcr die Verarbeitung Verantwortlichen anzufordern und sie vollst\u00e4ndig an einen anderen f\u00fcr die Verarbeitung Verantwortlichen zu \u00fcbermitteln.<\/li>\n<li><strong>Widerspruchsrecht:<\/strong> Sie k\u00f6nnen der Verarbeitung Ihrer Daten widersprechen. Wir entsprechen dem, es sei denn es gibt berechtigte Gr\u00fcnde f\u00fcr die Verarbeitung.<\/li>\n<\/ul>\n<p>Um diese Rechte auszu\u00fcben, kontaktieren Sie uns bitte. Bitte beziehen Sie sich auf die Kontaktdaten am Ende dieser Cookie-Erkl\u00e4rung. Wenn Sie eine Beschwerde dar\u00fcber haben, wie wir Ihre Daten behandeln, w\u00fcrden wir diese gerne h\u00f6ren, aber Sie haben auch das Recht, diese an die Aufsichtsbeh\u00f6rde (Datenschutzbeh\u00f6rde) zu richten.<\/p>\n<h2>10. Kontaktdaten<\/h2>\n<p>F\u00fcr Fragen und\/oder Kommentare \u00fcber unsere Cookie-Richtlinien und diese Aussage kontaktieren Sie uns bitte mittels der folgenden Kontaktdaten:<\/p>\n<p><strong>theLivingCore GmbH<\/strong><br \/>Lange Gasse 29\/14<br \/>1080 Wien<br \/>\u00d6sterreich<\/p>\n<p>Website: <a href=\"https:\/\/www.thelivingcore.com\">https:\/\/www.thelivingcore.com<\/a><br \/>\n        E-Mail: <a href=\"mailto:welcome@thelivingcore.com\">welcome@thelivingcore.com<\/a><br \/>\n        Telefonnummer: +43 1 890 4684<\/p>\n<p><em>Diese Cookie-Richtlinie wurde mit <a href=\"https:\/\/cookiedatabase.org\" rel=\"noopener\" target=\"_blank\">cookiedatabase.org<\/a> am 20. August 2025 synchronisiert.<\/em><\/p>\n<\/div>\n","protected":false},"excerpt":{"rendered":"<p>Diese Cookie-Richtlinie wurde zuletzt am 18. August 2025 aktualisiert und gilt f\u00fcr B\u00fcrger und Einwohner mit st\u00e4ndigem Wohnsitz im Europ\u00e4ischen Wirtschaftsraum und der Schweiz. 1. Einf\u00fchrung Unsere Website, https:\/\/www.thelivingcore.com (im folgenden: \u201eDie Website\u201c) verwendet Cookies und \u00e4hnliche Technologien (der Einfachheit halber werden all diese unter \u201eCookies\u201c zusammengefasst). Cookies werden au\u00dferdem von uns beauftragten Drittparteien platziert. &#8230; <a title=\"Cookie-Richtlinie\" class=\"read-more\" href=\"https:\/\/demo2.egm.at\/www.thelivingcore-original.com\/cookies\/\" aria-label=\"Mehr Informationen \u00fcber Cookie-Richtlinie\">Weiterlesen<\/a><\/p>\n","protected":false},"author":53,"featured_media":0,"parent":0,"menu_order":0,"comment_status":"closed","ping_status":"closed","template":"","meta":{"_acf_changed":false,"footnotes":""},"class_list":["post-4430","page","type-page","status-publish"],"acf":[],"_links":{"self":[{"href":"https:\/\/demo2.egm.at\/www.thelivingcore-original.com\/wp-json\/wp\/v2\/pages\/4430","targetHints":{"allow":["GET"]}}],"collection":[{"href":"https:\/\/demo2.egm.at\/www.thelivingcore-original.com\/wp-json\/wp\/v2\/pages"}],"about":[{"href":"https:\/\/demo2.egm.at\/www.thelivingcore-original.com\/wp-json\/wp\/v2\/types\/page"}],"author":[{"embeddable":true,"href":"https:\/\/demo2.egm.at\/www.thelivingcore-original.com\/wp-json\/wp\/v2\/users\/53"}],"replies":[{"embeddable":true,"href":"https:\/\/demo2.egm.at\/www.thelivingcore-original.com\/wp-json\/wp\/v2\/comments?post=4430"}],"version-history":[{"count":0,"href":"https:\/\/demo2.egm.at\/www.thelivingcore-original.com\/wp-json\/wp\/v2\/pages\/4430\/revisions"}],"wp:attachment":[{"href":"https:\/\/demo2.egm.at\/www.thelivingcore-original.com\/wp-json\/wp\/v2\/media?parent=4430"}],"curies":[{"name":"wp","href":"https:\/\/api.w.org\/{rel}","templated":true}]}}